{"id":21,"date":"2024-03-23T15:08:15","date_gmt":"2024-03-23T15:08:15","guid":{"rendered":"https:\/\/juragrund.de\/?page_id=21"},"modified":"2025-03-15T12:35:08","modified_gmt":"2025-03-15T12:35:08","slug":"ueber-uns","status":"publish","type":"page","link":"https:\/\/juragrund.de\/?page_id=21","title":{"rendered":"\u00dcber Uns"},"content":{"rendered":"\t\t<div data-elementor-type=\"wp-page\" data-elementor-id=\"21\" class=\"elementor elementor-21\" data-elementor-post-type=\"page\">\n\t\t\t\t<div class=\"elementor-element elementor-element-c040670 e-flex e-con-boxed e-con e-parent\" data-id=\"c040670\" data-element_type=\"container\" data-e-type=\"container\">\n\t\t\t\t\t<div class=\"e-con-inner\">\n\t\t\t\t<div class=\"elementor-element elementor-element-8dfaae1 elementor-widget elementor-widget-heading\" data-id=\"8dfaae1\" data-element_type=\"widget\" data-e-type=\"widget\" data-widget_type=\"heading.default\">\n\t\t\t\t<div class=\"elementor-widget-container\">\n\t\t\t\t\t<h2 class=\"elementor-heading-title elementor-size-default\">\u00dcber Uns<\/h2>\t\t\t\t<\/div>\n\t\t\t\t<\/div>\n\t\t\t\t\t<\/div>\n\t\t\t\t<\/div>\n\t\t<div class=\"elementor-element elementor-element-aa80af5 e-flex e-con-boxed e-con e-parent\" data-id=\"aa80af5\" data-element_type=\"container\" data-e-type=\"container\">\n\t\t\t\t\t<div class=\"e-con-inner\">\n\t\t\t\t<div class=\"elementor-element elementor-element-72e9b693 elementor-widget elementor-widget-text-editor\" data-id=\"72e9b693\" data-element_type=\"widget\" data-e-type=\"widget\" data-widget_type=\"text-editor.default\">\n\t\t\t\t<div class=\"elementor-widget-container\">\n\t\t\t\t\t\t\t\t\t<figure><\/figure>\n<figure class=\"wp-block-image aligncenter size-large is-resized\"><img fetchpriority=\"high\" decoding=\"async\" width=\"450\" height=\"704\" class=\"wp-image-154 aligncenter\" style=\"width: 450px;\" src=\"https:\/\/juragrund.de\/wp-content\/uploads\/2024\/05\/Juergen-und-Hunde-1-655x1024.jpg\" alt=\"\" srcset=\"https:\/\/juragrund.de\/wp-content\/uploads\/2024\/05\/Juergen-und-Hunde-1-655x1024.jpg 655w, https:\/\/juragrund.de\/wp-content\/uploads\/2024\/05\/Juergen-und-Hunde-1-192x300.jpg 192w, https:\/\/juragrund.de\/wp-content\/uploads\/2024\/05\/Juergen-und-Hunde-1-768x1200.jpg 768w, https:\/\/juragrund.de\/wp-content\/uploads\/2024\/05\/Juergen-und-Hunde-1-983x1536.jpg 983w, https:\/\/juragrund.de\/wp-content\/uploads\/2024\/05\/Juergen-und-Hunde-1.jpg 1024w\" sizes=\"(max-width: 450px) 100vw, 450px\" \/><\/figure>\n<p><!-- \/wp:image --><!-- wp:paragraph --><\/p>\n<figure class=\"wp-block-image aligncenter size-medium\"><\/figure>\n<p><!-- \/wp:image --><!-- wp:group {\"style\":{\"spacing\":{\"padding\":{\"top\":\"var:preset|spacing|40\",\"bottom\":\"var:preset|spacing|50\"}}},\"layout\":{\"type\":\"flex\",\"orientation\":\"vertical\",\"justifyContent\":\"center\"}} --><\/p>\n<div class=\"wp-block-group\" style=\"padding-top: var(--wp--preset--spacing--40); padding-bottom: var(--wp--preset--spacing--50); text-align: center;\">\n<p><!-- wp:spacer {\"height\":\"0px\",\"style\":{\"layout\":{\"flexSize\":\"100px\",\"selfStretch\":\"fixed\"}}} --><\/p>\n<p>Wir, die schon \u00fcber Generationen alte J\u00e4gerfamilie B\u00f6ttcher, wohnen im Oberpf\u00e4lzer-Jura zwischen den beiden Truppen\u00fcbungspl\u00e4tzen Grafenw\u00f6hr und Hohenfels in Kropfersricht bei Sulzbach-Rosenberg, wo wir drei Jagdreviere u.a. mit sehr viel Schwarzwild gepachtet haben.<br \/>In der Vergangenheit habe ich vom Bauhund bis zum Vorstehhund schon alles gef\u00fchrt. Durch unser intensives Jagen kamen wir 2003 \u00fcber einen Z\u00fcchter zu der damals zweij\u00e4hrigen H\u00fcndin Ambra vom Bayerwald. Die H\u00fcndin lebte sich sehr schnell bei uns ein, da sie nicht nur Jagdhund sondern auch Familienmitglied war. Unsere Hunde sind immer mit uns unterwegs egal ob es im B\u00fcro, auf der Jagd oder im Urlaub ist. Die Hunde sind im st\u00e4ndigen jagdlichen Einsatz, denn bei drei Jagdscheininhabern (Meine S\u00f6hne und ich) f\u00e4llt immer regelm\u00e4\u00dfige Arbeit f\u00fcr den Hund an. Nachdem der Z\u00fcchter von Ambra uns immer \u00f6fter dazu dr\u00e4ngte die H\u00fcndin doch einmal decken zu lassen haben wir uns \u00fcberzeugen lassen und sie im M\u00e4rz 2006 von dem Spitzenr\u00fcden Darko II vom R\u00f6dlberg, des bekannten DD-Zwingers von Karl Lang decken lassen.<br \/>Am 23. Mai 2006 war es dann so weit, unsere Ambi brachte elf gesunde DD-Welpen auf die Welt. Seit dem bin ich begeisterter F\u00fchrer und Z\u00fcchter.<\/p>\n<p>Aus unserem ersten Wurf haben wir unsere\u00a0Aika vom Jura-Grund\u00a0behalten.<br \/>Die \u00fcber 14 Jahren bei uns lebte. Sie hat sowohl in der Leistung als auch im Aussehen hervorragende Ergebnisse erzielt. Aika hatte 4 W\u00fcrfe.Aika \u00fcberzeugt bis ins hohe Alter mit au\u00dfergew\u00f6hnlich verl\u00e4sslichen Leistungen .<\/p>\n<p><br \/>Am 01.04.2008 wurde unser Birko vom Jura-Grund geboren, er war alles andere als ein Aprilscherz. 2009 habe ich ihn auf allen Pr\u00fcfungen erfolgreich vorgestellt. Birko war \u00fcber sieben Jahr ausgedeckt und hat \u00fcber\u00a0200 gepr\u00fcfte Nachkommen.\u00a0Er ist mit Sicherheit einer der Top Vererber und hat unseren Zwingernamen weit \u00fcber Deutschland hinaus bekannt gemacht.<\/p>\n<p><br \/>F\u00fcr mich eines der gr\u00f6\u00dften Highlights war der Gewinn der Hegewald mit Gebby mit sagenhaften 235 Arbeitspunkten das hei\u00dft \u00fcberall voll somit Spur 12, Nase 12, und lebende Ente 12. Sie gewann aber auch die VJP mit 77 Pkt. und 14 Tage nach der Hegewald die VGP mit 348 Pkt.<br \/>Die letzten Jahre konnte ich bei der Hegewald welche das Pr\u00fcfungshight ist mit meinen Hunden immer vordere Pl\u00e4tze belegen. Hinzu kamen noch viele Suchensiege auf VJP, HZP und VGP. Inzwischen haben wir seit 2010, 7 Mal den Z\u00fcchterwanderpreis der Gruppe Nordbayern gewonnen.<\/p>\n<p><br \/>Wir jagen ausnamslos mit unseren Hunden intensiv auf Schwarzwild, Niederwild und Wasserwild. Unsere gro\u00dfe Leidenschaft ist es gemeinsam mit unserer Hundef\u00fchrergruppe als Durchgeher auf Dr\u00fcckjagden zu jagen. Nicht selten sind unsere Hunde im Jahr auf 30 Gesellschaftsjagden. Den allt\u00e4glichen Einsatz im Revier meistern die Hunde bei 3 aktiven J\u00e4gern erfolgreich.<\/p>\n<p><br \/>Wir achten bei den Deckr\u00fcden die wir einsetzen vor allem auf ihre jagdliche Qualit\u00e4t und die Gesundheit.<br \/>Alle unsere Hunde haben neben den m\u00f6glichen R\u00f6ntgenuntersuchungen auch alle bereits eine Untersuchung des genomischen Zuchtwertes. Wir werden uns auch weiterhin die gr\u00f6\u00dfte M\u00fche geben &#8222;Allrounder&#8220; f\u00fcr die Jagd getreu dem Drahthaar-Motto\u00a0&#8222;Durch Leistung zum Typ&#8220;\u00a0zu z\u00fcchten..<\/p>\n<p>\u00a0<\/p>\n<p><span style=\"color: var( --e-global-color-text ); font-family: var( --e-global-typography-text-font-family ), Sans-serif; font-size: var( --e-global-typography-text-font-size ); font-weight: var( --e-global-typography-text-font-weight ); text-transform: var( --e-global-typography-text-text-transform );\">Deutsch Drahthaar Zwinger<\/span><\/p>\n<p class=\"has-text-align-center\">vom Jura-Grund<br \/>J\u00fcrgen B\u00f6ttcher<br \/>Kropfersricht 35<br \/>92237 Sulzbach Rosenberg<\/p>\n<p><!-- \/wp:paragraph --><!-- wp:paragraph {\"align\":\"center\"} --><\/p>\n<p class=\"has-text-align-center\">info@juragrund.de<\/p>\n<pre>01715503299<\/pre>\n<p><!-- \/wp:paragraph --><\/p>\n<\/div>\n<p><!-- \/wp:group --><\/p>\t\t\t\t\t\t\t\t<\/div>\n\t\t\t\t<\/div>\n\t\t\t\t\t<\/div>\n\t\t\t\t<\/div>\n\t\t<div class=\"elementor-element elementor-element-8d86e54 e-flex e-con-boxed e-con e-parent\" data-id=\"8d86e54\" data-element_type=\"container\" data-e-type=\"container\">\n\t\t\t\t\t<div class=\"e-con-inner\">\n\t\t\t\t<div class=\"elementor-element elementor-element-071039c elementor-nav-menu__align-center elementor-nav-menu--dropdown-tablet elementor-nav-menu__text-align-aside elementor-nav-menu--toggle elementor-nav-menu--burger elementor-widget elementor-widget-nav-menu\" data-id=\"071039c\" data-element_type=\"widget\" data-e-type=\"widget\" data-settings=\"{&quot;layout&quot;:&quot;horizontal&quot;,&quot;submenu_icon&quot;:{&quot;value&quot;:&quot;&lt;svg aria-hidden=\\&quot;true\\&quot; class=\\&quot;e-font-icon-svg e-fas-caret-down\\&quot; viewBox=\\&quot;0 0 320 512\\&quot; xmlns=\\&quot;http:\\\/\\\/www.w3.org\\\/2000\\\/svg\\&quot;&gt;&lt;path d=\\&quot;M31.3 192h257.3c17.8 0 26.7 21.5 14.1 34.1L174.1 354.8c-7.8 7.8-20.5 7.8-28.3 0L17.2 226.1C4.6 213.5 13.5 192 31.3 192z\\&quot;&gt;&lt;\\\/path&gt;&lt;\\\/svg&gt;&quot;,&quot;library&quot;:&quot;fa-solid&quot;},&quot;toggle&quot;:&quot;burger&quot;}\" data-widget_type=\"nav-menu.default\">\n\t\t\t\t<div class=\"elementor-widget-container\">\n\t\t\t\t\t\t\t\t<nav aria-label=\"Men\u00fc\" class=\"elementor-nav-menu--main elementor-nav-menu__container elementor-nav-menu--layout-horizontal e--pointer-underline e--animation-fade\">\n\t\t\t\t<ul id=\"menu-1-071039c\" class=\"elementor-nav-menu\"><li class=\"menu-item menu-item-type-custom menu-item-object-custom menu-item-home menu-item-304\"><a href=\"https:\/\/juragrund.de\" class=\"elementor-item\">Startseite<\/a><\/li>\n<li class=\"menu-item menu-item-type-post_type menu-item-object-page menu-item-551\"><a href=\"https:\/\/juragrund.de\/?page_id=476\" class=\"elementor-item\">Aktuelles<\/a><\/li>\n<li class=\"menu-item menu-item-type-post_type menu-item-object-page menu-item-625\"><a href=\"https:\/\/juragrund.de\/?page_id=618\" class=\"elementor-item\">Zucht<\/a><\/li>\n<li class=\"menu-item menu-item-type-post_type menu-item-object-page menu-item-308\"><a href=\"https:\/\/juragrund.de\/?page_id=21\" class=\"elementor-item\">\u00dcber Uns<\/a><\/li>\n<li class=\"menu-item menu-item-type-post_type menu-item-object-page menu-item-683\"><a href=\"https:\/\/juragrund.de\/?page_id=22\" class=\"elementor-item\">Kontakt<\/a><\/li>\n<li class=\"menu-item menu-item-type-post_type menu-item-object-page menu-item-306\"><a href=\"https:\/\/juragrund.de\/?page_id=18\" class=\"elementor-item\">Galerie<\/a><\/li>\n<\/ul>\t\t\t<\/nav>\n\t\t\t\t\t<div class=\"elementor-menu-toggle\" role=\"button\" tabindex=\"0\" aria-label=\"Men\u00fc Umschalter\" aria-expanded=\"false\">\n\t\t\t<svg aria-hidden=\"true\" role=\"presentation\" class=\"elementor-menu-toggle__icon--open e-font-icon-svg e-eicon-menu-bar\" viewBox=\"0 0 1000 1000\" xmlns=\"http:\/\/www.w3.org\/2000\/svg\"><path d=\"M104 333H896C929 333 958 304 958 271S929 208 896 208H104C71 208 42 237 42 271S71 333 104 333ZM104 583H896C929 583 958 554 958 521S929 458 896 458H104C71 458 42 487 42 521S71 583 104 583ZM104 833H896C929 833 958 804 958 771S929 708 896 708H104C71 708 42 737 42 771S71 833 104 833Z\"><\/path><\/svg><svg aria-hidden=\"true\" role=\"presentation\" class=\"elementor-menu-toggle__icon--close e-font-icon-svg e-eicon-close\" viewBox=\"0 0 1000 1000\" xmlns=\"http:\/\/www.w3.org\/2000\/svg\"><path d=\"M742 167L500 408 258 167C246 154 233 150 217 150 196 150 179 158 167 167 154 179 150 196 150 212 150 229 154 242 171 254L408 500 167 742C138 771 138 800 167 829 196 858 225 858 254 829L496 587 738 829C750 842 767 846 783 846 800 846 817 842 829 829 842 817 846 804 846 783 846 767 842 750 829 737L588 500 833 258C863 229 863 200 833 171 804 137 775 137 742 167Z\"><\/path><\/svg>\t\t<\/div>\n\t\t\t\t\t<nav class=\"elementor-nav-menu--dropdown elementor-nav-menu__container\" aria-hidden=\"true\">\n\t\t\t\t<ul id=\"menu-2-071039c\" class=\"elementor-nav-menu\"><li class=\"menu-item menu-item-type-custom menu-item-object-custom menu-item-home menu-item-304\"><a href=\"https:\/\/juragrund.de\" class=\"elementor-item\" tabindex=\"-1\">Startseite<\/a><\/li>\n<li class=\"menu-item menu-item-type-post_type menu-item-object-page menu-item-551\"><a href=\"https:\/\/juragrund.de\/?page_id=476\" class=\"elementor-item\" tabindex=\"-1\">Aktuelles<\/a><\/li>\n<li class=\"menu-item menu-item-type-post_type menu-item-object-page menu-item-625\"><a href=\"https:\/\/juragrund.de\/?page_id=618\" class=\"elementor-item\" tabindex=\"-1\">Zucht<\/a><\/li>\n<li class=\"menu-item menu-item-type-post_type menu-item-object-page menu-item-308\"><a href=\"https:\/\/juragrund.de\/?page_id=21\" class=\"elementor-item\" tabindex=\"-1\">\u00dcber Uns<\/a><\/li>\n<li class=\"menu-item menu-item-type-post_type menu-item-object-page menu-item-683\"><a href=\"https:\/\/juragrund.de\/?page_id=22\" class=\"elementor-item\" tabindex=\"-1\">Kontakt<\/a><\/li>\n<li class=\"menu-item menu-item-type-post_type menu-item-object-page menu-item-306\"><a href=\"https:\/\/juragrund.de\/?page_id=18\" class=\"elementor-item\" tabindex=\"-1\">Galerie<\/a><\/li>\n<\/ul>\t\t\t<\/nav>\n\t\t\t\t\t\t<\/div>\n\t\t\t\t<\/div>\n\t\t\t\t\t<\/div>\n\t\t\t\t<\/div>\n\t\t\t\t<\/div>\n\t\t","protected":false},"excerpt":{"rendered":"<p>\u00dcber Uns Wir, die schon \u00fcber Generationen alte J\u00e4gerfamilie B\u00f6ttcher, wohnen im Oberpf\u00e4lzer-Jura zwischen den beiden Truppen\u00fcbungspl\u00e4tzen Grafenw\u00f6hr und Hohenfels in Kropfersricht bei Sulzbach-Rosenberg, wo wir drei Jagdreviere u.a. mit [&hellip;]<\/p>\n","protected":false},"author":2,"featured_media":0,"parent":0,"menu_order":0,"comment_status":"closed","ping_status":"closed","template":"","meta":{"footnotes":""},"class_list":["post-21","page","type-page","status-publish","hentry"],"_links":{"self":[{"href":"https:\/\/juragrund.de\/index.php?rest_route=\/wp\/v2\/pages\/21","targetHints":{"allow":["GET"]}}],"collection":[{"href":"https:\/\/juragrund.de\/index.php?rest_route=\/wp\/v2\/pages"}],"about":[{"href":"https:\/\/juragrund.de\/index.php?rest_route=\/wp\/v2\/types\/page"}],"author":[{"embeddable":true,"href":"https:\/\/juragrund.de\/index.php?rest_route=\/wp\/v2\/users\/2"}],"replies":[{"embeddable":true,"href":"https:\/\/juragrund.de\/index.php?rest_route=%2Fwp%2Fv2%2Fcomments&post=21"}],"version-history":[{"count":30,"href":"https:\/\/juragrund.de\/index.php?rest_route=\/wp\/v2\/pages\/21\/revisions"}],"predecessor-version":[{"id":668,"href":"https:\/\/juragrund.de\/index.php?rest_route=\/wp\/v2\/pages\/21\/revisions\/668"}],"wp:attachment":[{"href":"https:\/\/juragrund.de\/index.php?rest_route=%2Fwp%2Fv2%2Fmedia&parent=21"}],"curies":[{"name":"wp","href":"https:\/\/api.w.org\/{rel}","templated":true}]}}